{"id":8008,"date":"2026-01-20T13:58:09","date_gmt":"2026-01-20T13:58:09","guid":{"rendered":"https:\/\/sapinseudunpurjehtijat.fi\/?page_id=8008"},"modified":"2026-01-20T13:58:09","modified_gmt":"2026-01-20T13:58:09","slug":"laitakarin-laiturisaannot","status":"publish","type":"page","link":"https:\/\/sapinseudunpurjehtijat.fi\/?page_id=8008","title":{"rendered":"Laitakarin Laituris\u00e4\u00e4nn\u00f6t"},"content":{"rendered":"\n<p>S\u00c4\u00c4NN\u00d6T LAITURIPAIKASTA S\u00c4PIN SEUDUN PURJEHTIJOIDEN SATAMASSA LAITAKARISSA&nbsp;<\/p>\n\n\n\n<p>S\u00e4pin Seudun Purjehtijat, jota j\u00e4ljemp\u00e4n\u00e4 kutsutaan Seuraksi, vuokraa seuran j\u00e4senelle, jota j\u00e4ljemp\u00e4n\u00e4 kutsutaan J\u00e4seneksi, laituripaikan, joka on merkitty laituripaikkakarttaan ja joka on tarkoitettu J\u00e4senen nimetylle veneelle.<\/p>\n\n\n\n<p>T\u00e4m\u00e4n s\u00e4\u00e4nn\u00f6n tarkoituksena on sopia laituripaikan ehdoista seuran satamassa.<\/p>\n\n\n\n<ul class=\"wp-block-list\">\n<li>Seura ei vastaa sellaisesta j\u00e4senen t\u00e4m\u00e4n laituripaikkas\u00e4\u00e4nn\u00f6n tai muiden ohjeiden vastaisesta toiminnasta, josta aiheutuu haittaa kolmannelle. J\u00e4senen veneell\u00e4 tulee olla tarvittavat vakuutukset, v\u00e4hint\u00e4\u00e4n vastuuvakuutus ulkopuoliselle aiheutetusta vahingosta.\u00a0<\/li>\n<\/ul>\n\n\n\n<ul class=\"wp-block-list\">\n<li>Seura huolehtii siit\u00e4, ett\u00e4 laituripaikka on J\u00e4senen veneelle riitt\u00e4v\u00e4n leve\u00e4. Seura ei vastaa myrskyn, tulvan, ep\u00e4normaalin s\u00e4\u00e4tilan tai muiden poikkeuksellisten luonnonolosuhteiden aiheuttamista esine- tai henkil\u00f6vahingoista. Laitureissa, niihin liittyviss\u00e4 rakenteissa, varusteissa, kiinnityksiss\u00e4 ja laitteistoissa sek\u00e4 muissa vastaavissa rakenteissa havaituista vaurioista tai vioista tulee j\u00e4senen v\u00e4litt\u00f6m\u00e4sti ilmoittaa satamakapteenille. Seura ei vastaa niist\u00e4 vahingoista, jotka olisivat olleet v\u00e4ltett\u00e4viss\u00e4, jos t\u00e4llainen ilmoitus olisi asianmukaisesti tehty.<\/li>\n<\/ul>\n\n\n\n<ul class=\"wp-block-list\">\n<li>J\u00e4senell\u00e4 on oikeus esitt\u00e4\u00e4 toiveita laituripaikan sijainnin suhteen ja vaihtaa paikkaa, kun toiveita vastaava laituripaikka vapautuu. Satamakapteeni yll\u00e4pit\u00e4\u00e4 jonotuslistaa paikanvaihtoa hakeneista ja vapautuvia venepaikkoja jonottavista ja ilmoittaa heille vapautuvista paikoista.<\/li>\n<\/ul>\n\n\n\n<ul class=\"wp-block-list\">\n<li>Laituripaikkamaksuun sis\u00e4ltyy s\u00e4hk\u00f6 ja vesi. Sataman s\u00e4hk\u00f6ll\u00e4 ei saa k\u00e4ytt\u00e4\u00e4 runsaasti virtaa kuluttavia pitk\u00e4aikaiseen k\u00e4ytt\u00f6\u00f6n tarkoitettuja laitteita (muun muassa l\u00e4mmittimet) sopimatta siit\u00e4 erikseen satamakapteenin kanssa. S\u00e4hk\u00f6autojen ja -veneiden lataaminen satamassa on kielletty.<\/li>\n<\/ul>\n\n\n\n<ul class=\"wp-block-list\">\n<li>J\u00e4sen saa kiinnitt\u00e4\u00e4 veneens\u00e4 ainoastaan h\u00e4nelle vuokrattuun tai osoitettuun laituripaikkaan. J\u00e4senell\u00e4 ei ole oikeutta tilap\u00e4isestik\u00e4\u00e4n luovuttaa tai vuokrata laituripaikkaa kolmannelle osapuolelle.<\/li>\n<\/ul>\n\n\n\n<ul class=\"wp-block-list\">\n<li>Veneen asianmukainen kiinnitys laituriin on j\u00e4senen vastuulla. Venett\u00e4 laituriin kiinnitett\u00e4ess\u00e4 ja irrotettaessa sek\u00e4 veneen laiturissa kiinni ollessa on noudatettava tarpeellista varovaisuutta. J\u00e4senen tulee huolehtia siit\u00e4, ett\u00e4 laituripaikalla oleva vene on kiinnitetty huolellisesti. Vene tulee kiinnitt\u00e4\u00e4 niin, ett\u00e4 naapurivene on mahdollista irrottaa toisen veneen kiinnitysk\u00f6ysi\u00e4 irrottamatta. Veneen sivuilla on my\u00f6s k\u00e4ytett\u00e4v\u00e4 riitt\u00e4v\u00e4sti laitasuojia. J\u00e4senen on k\u00e4ytett\u00e4v\u00e4 tarvittaessa kiinnitysk\u00f6ysiss\u00e4 joustimia. J\u00e4senen tulee my\u00f6s huolehtia, ett\u00e4 sataman laitureille, niill\u00e4 oleville rakenteille, laitteille ja varusteille tai niiden k\u00e4ytt\u00e4jille ei aiheudu vaaraa, vammoja, vaurioita tai muita vahinkoja.<\/li>\n<\/ul>\n\n\n\n<ul class=\"wp-block-list\">\n<li>Sekaj\u00e4teastiaan saa tuoda ainoastaan laituripaikkojen veneist\u00e4 tulevaa j\u00e4tett\u00e4. Ongelmaj\u00e4tteet ja sellaiset j\u00e4tteet, jotka eiv\u00e4t mahdu sataman sekaj\u00e4tes\u00e4ili\u00f6\u00f6n, tulee j\u00e4senen itse huolehtia omalla kustannuksellaan satamasta pois. Seuralla on oikeus j\u00e4senen kustannuksella poistaa alueelle tuotu tai sinne kuulumaton irtain omaisuus toimittamalla arvottomaksi katsottava irtain omaisuus kaatopaikalle tai muutoin h\u00e4vitt\u00e4\u00e4 se. Seuralla on my\u00f6s oikeus myyd\u00e4 sellainen irtain omaisuus, jolla on myyntiarvoa julkisella huutokaupalla tai muulla soveltuvalla tavalla.\u00a0<\/li>\n<\/ul>\n\n\n\n<ul class=\"wp-block-list\">\n<li>Laituripaikan k\u00e4ytt\u00f6aika on vuotuinen veneilykausi, p\u00e4\u00e4s\u00e4\u00e4nt\u00f6isesti 1.4. \u2013 31.10. J\u00e4senell\u00e4 on ensisijainen oikeus jatkaa samalla laituripaikalla seuraavalla kaudella. J\u00e4senen tulee vahvistaa jatko-oikeuden k\u00e4ytt\u00f6 maksamalla laituripaikan maksu er\u00e4p\u00e4iv\u00e4\u00e4n menness\u00e4. Mik\u00e4li j\u00e4sen ei asianmukaisesti ilmoita jatko-oikeuden k\u00e4yt\u00f6st\u00e4 maksamalla laskua m\u00e4\u00e4r\u00e4aikaan menness\u00e4, menett\u00e4\u00e4 h\u00e4n oikeuden laituripaikkaan.<\/li>\n<\/ul>\n\n\n\n<ul class=\"wp-block-list\">\n<li>J\u00e4senen tulee noudattaa laituripaikkas\u00e4\u00e4nt\u00f6j\u00e4. Muussa tapauksessa seuralla on oikeus olla my\u00f6nt\u00e4m\u00e4tt\u00e4 j\u00e4senelle laituripalveluja. Mik\u00e4li laiturimaksua tai muita maksuja ei ole suoritettu tai mik\u00e4li j\u00e4sen toistuvasti laiminly\u00f6 laiturimaksun suorittamisen ja lasku joudutaan siirt\u00e4m\u00e4\u00e4n perint\u00e4\u00e4n, seuralla on oikeus olla my\u00f6nt\u00e4m\u00e4tt\u00e4 laituripaikkaa j\u00e4senen veneelle.\u00a0<\/li>\n<\/ul>\n","protected":false},"excerpt":{"rendered":"<p>S\u00c4\u00c4NN\u00d6T LAITURIPAIKASTA S\u00c4PIN SEUDUN PURJEHTIJOIDEN SATAMASSA LAITAKARISSA&nbsp; S\u00e4pin Seudun Purjehtijat, jota j\u00e4ljemp\u00e4n\u00e4 kutsutaan Seuraksi, vuokraa seuran j\u00e4senelle, jota j\u00e4ljemp\u00e4n\u00e4 kutsutaan J\u00e4seneksi, laituripaikan, joka on merkitty laituripaikkakarttaan ja joka on tarkoitettu J\u00e4senen nimetylle veneelle. T\u00e4m\u00e4n s\u00e4\u00e4nn\u00f6n tarkoituksena on sopia laituripaikan ehdoista seuran satamassa.<\/p>\n","protected":false},"author":4,"featured_media":0,"parent":0,"menu_order":0,"comment_status":"closed","ping_status":"closed","template":"","meta":{"_kad_post_transparent":"","_kad_post_title":"","_kad_post_layout":"","_kad_post_sidebar_id":"","_kad_post_content_style":"","_kad_post_vertical_padding":"","_kad_post_feature":"","_kad_post_feature_position":"","_kad_post_header":false,"_kad_post_footer":false,"_kad_post_classname":"","footnotes":""},"class_list":["post-8008","page","type-page","status-publish","hentry"],"featured_image_src":null,"builder_content":"","_links":{"self":[{"href":"https:\/\/sapinseudunpurjehtijat.fi\/index.php?rest_route=\/wp\/v2\/pages\/8008","targetHints":{"allow":["GET"]}}],"collection":[{"href":"https:\/\/sapinseudunpurjehtijat.fi\/index.php?rest_route=\/wp\/v2\/pages"}],"about":[{"href":"https:\/\/sapinseudunpurjehtijat.fi\/index.php?rest_route=\/wp\/v2\/types\/page"}],"author":[{"embeddable":true,"href":"https:\/\/sapinseudunpurjehtijat.fi\/index.php?rest_route=\/wp\/v2\/users\/4"}],"replies":[{"embeddable":true,"href":"https:\/\/sapinseudunpurjehtijat.fi\/index.php?rest_route=%2Fwp%2Fv2%2Fcomments&post=8008"}],"version-history":[{"count":1,"href":"https:\/\/sapinseudunpurjehtijat.fi\/index.php?rest_route=\/wp\/v2\/pages\/8008\/revisions"}],"predecessor-version":[{"id":8010,"href":"https:\/\/sapinseudunpurjehtijat.fi\/index.php?rest_route=\/wp\/v2\/pages\/8008\/revisions\/8010"}],"wp:attachment":[{"href":"https:\/\/sapinseudunpurjehtijat.fi\/index.php?rest_route=%2Fwp%2Fv2%2Fmedia&parent=8008"}],"curies":[{"name":"wp","href":"https:\/\/api.w.org\/{rel}","templated":true}]}}