{"id":8003,"date":"2026-01-20T13:53:43","date_gmt":"2026-01-20T13:53:43","guid":{"rendered":"https:\/\/sapinseudunpurjehtijat.fi\/?page_id=8003"},"modified":"2026-01-20T13:53:45","modified_gmt":"2026-01-20T13:53:45","slug":"laitakarin-telakointisaannot","status":"publish","type":"page","link":"https:\/\/sapinseudunpurjehtijat.fi\/?page_id=8003","title":{"rendered":"Laitakarin telakointis\u00e4\u00e4nn\u00f6t"},"content":{"rendered":"\n\n\n<p>S\u00c4\u00c4NN\u00d6T TELAKOINNISTA S\u00c4PIN SEUDUN PURJEHTIJOIDEN SATAMASSA LAITAKARISSA<\/p>\n\n\n\n<p>S\u00e4pin Seudun Purjehtijat, jota j\u00e4ljemp\u00e4n\u00e4 kutsutaan Seuraksi, vuokraa Seuran j\u00e4senelle, jota j\u00e4ljemp\u00e4n\u00e4 kutsutaan J\u00e4seneksi, telakointipaikan, joka on tarkoitettu J\u00e4senen nimetylle veneelle.<\/p>\n\n\n\n<p>N\u00e4iden s\u00e4\u00e4nt\u00f6jen tarkoituksena on m\u00e4\u00e4ritell\u00e4 telakoinnin ehdot Seuran satamassa ja satama-alueella Laitakarissa.<\/p>\n\n\n\n<ul class=\"wp-block-list\">\n<li>Veneen omistajan tai haltijan tulee olla S\u00e4pin Seudun Purjehtijoiden j\u00e4sen, veneen tulee olla vuosikatsastettu ja rekister\u00f6ity seuran venerekisteriin. Telakoitavalla veneell\u00e4 tulee olla tarvittavat voimassa olevat vakuutukset, v\u00e4hint\u00e4\u00e4n vastuuvakuutus ulkopuolisille aiheutuneista vahingoista.<\/li>\n\n\n\n<li>Seura ei vastaa esimerkiksi tapaturman, luonnonvoimien tai sivullisten veneelle, veneeseen j\u00e4tetylle irtaimistolle tai j\u00e4senen muulle sataman alueella olevalle omaisuudelle aiheuttamista vaurioista tai t\u00e4h\u00e4n omaisuuteen kohdistuneesta varkaudesta. Seura ei vastaa sellaisesta j\u00e4senen toiminnasta, josta aiheutuu vahinkoa tai haittaa kolmannelle osapuolelle.<\/li>\n\n\n\n<li>Telakointimaksu sis\u00e4lt\u00e4\u00e4 veneen ja maston s\u00e4ilytyksen telakkakent\u00e4ll\u00e4 ja erityistapauksissa seura voi my\u00f6nt\u00e4\u00e4 j\u00e4senelle oikeuden veneen mitat ylitt\u00e4v\u00e4\u00e4n suojarakennelmaan, josta pit\u00e4\u00e4 sopia erikseen satamakapteenin kanssa. Veneiden mastot on s\u00e4ilytett\u00e4v\u00e4 saalingit ja vantit maston my\u00f6t\u00e4isesti sidottuna tai irrotettuina.<\/li>\n\n\n\n<li>Telakointialueen maasto saattaa olla ep\u00e4tasainen, joten pukki\/traileri tulee olla riitt\u00e4v\u00e4n tukeva ja tarvittaessa tulee alusta tasata tarvittavalta osalta. Venepukkiin tai traileriin tulee merkit\u00e4 omistajan ja\/tai haltijan yhteystiedot.<\/li>\n\n\n\n<li>Mik\u00e4li veneell\u00e4 ei ole laituripaikkaa seuran satamassa, venett\u00e4 saa s\u00e4ilytt\u00e4\u00e4 seuran laiturissa kulloinkin erikseen hallituksen m\u00e4\u00e4rittelemill\u00e4 ehdoilla. Tilap\u00e4isen laituripaikan osoittaa aina satamakapteeni.<\/li>\n\n\n\n<li>Seuran mastonosturi on j\u00e4senen vapaasti k\u00e4ytett\u00e4viss\u00e4, eik\u00e4 siihen tarvita ajanvarausta. Mastonosturin k\u00e4ytt\u00f6 tapahtuu j\u00e4senen omalla vastuulla. Ennen mastonosturille tuloa masto tulee aina valmistella laskua tai yl\u00f6srikausta varten valmiiksi muualla.<\/li>\n\n\n\n<li>J\u00e4sen on oikeutettu k\u00e4ytt\u00e4m\u00e4\u00e4n vett\u00e4 ja s\u00e4hk\u00f6\u00e4 normaaliin telakoinnissa tapahtuvaan toimintaan. Yli viikon kest\u00e4v\u00e4 s\u00e4hk\u00f6k\u00e4ytt\u00f6 vaatii aina luvan satamakapteenilta ja s\u00e4hk\u00f6johto saa olla kytkettyn\u00e4 veneeseen vain silloin, kun omistaja tai muu veneen yll\u00e4pito- tai kunnostustoimiin osallistuva henkil\u00f6 on paikalla. Pakkaskaudella vett\u00e4 ei toimiteta telakointialueelle.\u00a0<\/li>\n\n\n\n<li>Muu s\u00e4hk\u00f6n k\u00e4ytt\u00f6 kuin veneen akkujen lataus on tapahduttava valvotusti.<\/li>\n\n\n\n<li>Osoitettu telakointipaikka on pidett\u00e4v\u00e4 puhtaana ylim\u00e4\u00e4r\u00e4isest\u00e4 tavarasta ja siistitt\u00e4v\u00e4 mahdollisimman pian telakoinnin p\u00e4\u00e4tytty\u00e4. Telakointikauden ulkopuolella venepukki voidaan varastoida sille osoitetulla alueella Laitakarissa. Sit\u00e4 voidaan joutua siirt\u00e4m\u00e4\u00e4n varastoinnin aikana, joten kaikki telakointitarvikkeet on sidottava kiinni venepukkiin\/traileriin ja varustettava omistajan\/haltijan yhteystiedoilla.<\/li>\n\n\n\n<li>Sekaj\u00e4teastiaan saa tuoda ainoastaan laituripaikkojen veneist\u00e4 tulevaa tai alueella s\u00e4ilytett\u00e4v\u00e4n veneen kunnostamisesta syntyv\u00e4\u00e4 j\u00e4tett\u00e4. Ongelmaj\u00e4tteet ja sellaiset j\u00e4tteet, jotka eiv\u00e4t mahdu sataman sekaj\u00e4tes\u00e4ili\u00f6\u00f6n, tulee j\u00e4senen itse huolehtia omalla kustannuksellaan satamasta pois.<\/li>\n\n\n\n<li>Veneit\u00e4, pukkeja, trailereita ja muita talvitelakointiin liittyvi\u00e4 tarvikkeita saa s\u00e4ilytt\u00e4\u00e4 telakka-alueella 1.9.-31.5. v\u00e4lisen\u00e4 aikana. Seuralla on oikeus j\u00e4senen kustannuksella poistaa alueelle tuotu tai sinne kuulumaton arvoton omaisuus toimittamalla se kaatopaikalle tai muutoin h\u00e4vitt\u00e4\u00e4 se. Seuralla on my\u00f6s oikeus myyd\u00e4 sellainen irtain omaisuus, jolla on myyntiarvoa, julkisella huutokaupalla tai muulla soveltuvalla tavalla, mik\u00e4li omistaja ei kehotuksesta huolimatta vie omaisuutta pois seuran alueelta.<\/li>\n\n\n\n<li>J\u00e4senen tulee noudattaa satamas\u00e4\u00e4nt\u00f6j\u00e4. Muussa tapauksessa seuralla on oikeus olla my\u00f6nt\u00e4m\u00e4tt\u00e4 j\u00e4senelle telakointipalveluja. Mik\u00e4li telakointimaksua tai muita maksuja ei ole suoritettu tai mik\u00e4li j\u00e4sen toistuvasti laiminly\u00f6 telakointimaksun suorittamisen ja lasku joudutaan siirt\u00e4m\u00e4\u00e4n perint\u00e4\u00e4n, seuralla on oikeus olla my\u00f6nt\u00e4m\u00e4tt\u00e4 telakointipaikkaa j\u00e4senen veneelle.<\/li>\n<\/ul>\n","protected":false},"excerpt":{"rendered":"<p>S\u00c4\u00c4NN\u00d6T TELAKOINNISTA S\u00c4PIN SEUDUN PURJEHTIJOIDEN SATAMASSA LAITAKARISSA S\u00e4pin Seudun Purjehtijat, jota j\u00e4ljemp\u00e4n\u00e4 kutsutaan Seuraksi, vuokraa Seuran j\u00e4senelle, jota j\u00e4ljemp\u00e4n\u00e4 kutsutaan J\u00e4seneksi, telakointipaikan, joka on tarkoitettu J\u00e4senen nimetylle veneelle. N\u00e4iden s\u00e4\u00e4nt\u00f6jen tarkoituksena on m\u00e4\u00e4ritell\u00e4 telakoinnin ehdot Seuran satamassa ja satama-alueella Laitakarissa.<\/p>\n","protected":false},"author":4,"featured_media":0,"parent":0,"menu_order":0,"comment_status":"closed","ping_status":"closed","template":"","meta":{"_kad_post_transparent":"","_kad_post_title":"","_kad_post_layout":"","_kad_post_sidebar_id":"","_kad_post_content_style":"","_kad_post_vertical_padding":"","_kad_post_feature":"","_kad_post_feature_position":"","_kad_post_header":false,"_kad_post_footer":false,"_kad_post_classname":"","footnotes":""},"class_list":["post-8003","page","type-page","status-publish","hentry"],"featured_image_src":null,"builder_content":"","_links":{"self":[{"href":"https:\/\/sapinseudunpurjehtijat.fi\/index.php?rest_route=\/wp\/v2\/pages\/8003","targetHints":{"allow":["GET"]}}],"collection":[{"href":"https:\/\/sapinseudunpurjehtijat.fi\/index.php?rest_route=\/wp\/v2\/pages"}],"about":[{"href":"https:\/\/sapinseudunpurjehtijat.fi\/index.php?rest_route=\/wp\/v2\/types\/page"}],"author":[{"embeddable":true,"href":"https:\/\/sapinseudunpurjehtijat.fi\/index.php?rest_route=\/wp\/v2\/users\/4"}],"replies":[{"embeddable":true,"href":"https:\/\/sapinseudunpurjehtijat.fi\/index.php?rest_route=%2Fwp%2Fv2%2Fcomments&post=8003"}],"version-history":[{"count":2,"href":"https:\/\/sapinseudunpurjehtijat.fi\/index.php?rest_route=\/wp\/v2\/pages\/8003\/revisions"}],"predecessor-version":[{"id":8005,"href":"https:\/\/sapinseudunpurjehtijat.fi\/index.php?rest_route=\/wp\/v2\/pages\/8003\/revisions\/8005"}],"wp:attachment":[{"href":"https:\/\/sapinseudunpurjehtijat.fi\/index.php?rest_route=%2Fwp%2Fv2%2Fmedia&parent=8003"}],"curies":[{"name":"wp","href":"https:\/\/api.w.org\/{rel}","templated":true}]}}