{"id":7835,"date":"2025-08-31T14:34:06","date_gmt":"2025-08-31T14:34:06","guid":{"rendered":"https:\/\/sapinseudunpurjehtijat.fi\/?page_id=7835"},"modified":"2025-08-31T14:34:08","modified_gmt":"2025-08-31T14:34:08","slug":"q-kisa-30-8-2025","status":"publish","type":"page","link":"https:\/\/sapinseudunpurjehtijat.fi\/?page_id=7835","title":{"rendered":"Q-kisa 30.8.2025"},"content":{"rendered":"\n\n\n<ol class=\"wp-block-list\">\n<li><strong>Lahja<\/strong>, 1.55,22 (pur.aika) \/ 0,8187 \/ <strong>1.34,27<\/strong>, <em>Tuomas Tuominen, Akseli Lahti, Ella Ruski ja Elisa Ruuti<\/em><\/li>\n\n\n\n<li><strong>Suvella<\/strong>, 1.57,04 \/ 0,8187 \/ <strong>1.35,50<\/strong>, <em>Panu Wilska ja Markku Weckman<\/em><\/li>\n\n\n\n<li><strong>Lady Hoo<\/strong>, 1.59,10 \/ 0,8187 \/ <strong>1.37,33<\/strong>,<em> Mikko, Maija ja Matias Tuominen sek\u00e4 Eeva Lehtil\u00e4<\/em><\/li>\n\n\n\n<li><strong>Ariel<\/strong>, 1.45,05 \/ 0,9617 \/ <strong>1.41,03<\/strong>, <em>Petter ja Charlotta Lundstr\u00f6m, Kalle Kalliom\u00e4ki sek\u00e4 Juho Lahtinen<\/em><\/li>\n\n\n\n<li><strong>Ariel<\/strong>, 2.02,04 \/ 0,8850 \/ <strong>1.48,01<\/strong>, <em>Mikko Nurminen ja Viljo S\u00e4dem\u00e4ki<\/em><\/li>\n<\/ol>\n","protected":false},"excerpt":{"rendered":"","protected":false},"author":2,"featured_media":0,"parent":0,"menu_order":0,"comment_status":"closed","ping_status":"closed","template":"","meta":{"_kad_post_transparent":"","_kad_post_title":"","_kad_post_layout":"","_kad_post_sidebar_id":"","_kad_post_content_style":"","_kad_post_vertical_padding":"","_kad_post_feature":"","_kad_post_feature_position":"","_kad_post_header":false,"_kad_post_footer":false,"_kad_post_classname":"","footnotes":""},"class_list":["post-7835","page","type-page","status-publish","hentry"],"featured_image_src":null,"builder_content":"","_links":{"self":[{"href":"https:\/\/sapinseudunpurjehtijat.fi\/index.php?rest_route=\/wp\/v2\/pages\/7835","targetHints":{"allow":["GET"]}}],"collection":[{"href":"https:\/\/sapinseudunpurjehtijat.fi\/index.php?rest_route=\/wp\/v2\/pages"}],"about":[{"href":"https:\/\/sapinseudunpurjehtijat.fi\/index.php?rest_route=\/wp\/v2\/types\/page"}],"author":[{"embeddable":true,"href":"https:\/\/sapinseudunpurjehtijat.fi\/index.php?rest_route=\/wp\/v2\/users\/2"}],"replies":[{"embeddable":true,"href":"https:\/\/sapinseudunpurjehtijat.fi\/index.php?rest_route=%2Fwp%2Fv2%2Fcomments&post=7835"}],"version-history":[{"count":1,"href":"https:\/\/sapinseudunpurjehtijat.fi\/index.php?rest_route=\/wp\/v2\/pages\/7835\/revisions"}],"predecessor-version":[{"id":7837,"href":"https:\/\/sapinseudunpurjehtijat.fi\/index.php?rest_route=\/wp\/v2\/pages\/7835\/revisions\/7837"}],"wp:attachment":[{"href":"https:\/\/sapinseudunpurjehtijat.fi\/index.php?rest_route=%2Fwp%2Fv2%2Fmedia&parent=7835"}],"curies":[{"name":"wp","href":"https:\/\/api.w.org\/{rel}","templated":true}]}}