{"id":7811,"date":"2025-08-20T18:18:18","date_gmt":"2025-08-20T18:18:18","guid":{"rendered":"https:\/\/sapinseudunpurjehtijat.fi\/?page_id=7811"},"modified":"2025-08-20T19:01:31","modified_gmt":"2025-08-20T19:01:31","slug":"doop-ii-20-8-2025","status":"publish","type":"page","link":"https:\/\/sapinseudunpurjehtijat.fi\/?page_id=7811","title":{"rendered":"Doop II 20.8.2025"},"content":{"rendered":"\n<ol class=\"wp-block-list\">\n<li><strong>Lahja<\/strong>, 1.30,05 (pur.aika) \/ 0,8187 \/ <strong>1.13,45<\/strong>, <em>Outi Tyykil\u00e4 ja Christian Kurkio<\/em><\/li>\n\n\n\n<li><strong>Ariel<\/strong>, 1.17,04 \/ 0,9617 \/ <strong>1.14,06<\/strong>, <em>Petter ja Tor Lundstr\u00f6m, Janne ja Kalle Kalliom\u00e4ki sek\u00e4 Pete Raikisto<\/em><\/li>\n\n\n\n<li><strong>Suvella<\/strong>, 1.31,54 \/ 0,8187 \/ <strong>1.15,14<\/strong>, <em>Panu Wilska, Anna Soirinsuo ja Markku Weckman<\/em><\/li>\n\n\n\n<li><strong>Lady Hoo<\/strong>, 1.33,40 \/ 0,8187 \/ <strong>1.16,41<\/strong>, <em>Mikko ja Tuomas Tuominen<\/em><\/li>\n\n\n\n<li><strong>Ariel<\/strong>, 1.27,45 \/ 0,8850 \/ <strong>1.17,39<\/strong>, <em>Mikko Nurminen, Tomi Meri ja Joni Sipponen<\/em><\/li>\n\n\n\n<li><strong>Elmiina<\/strong>, <strong>DNS<\/strong>, <em>Timo Tarkkanen<\/em><\/li>\n<\/ol>\n\n\n<!-- wp:themify-builder\/canvas \/-->","protected":false},"excerpt":{"rendered":"","protected":false},"author":2,"featured_media":0,"parent":0,"menu_order":0,"comment_status":"closed","ping_status":"closed","template":"","meta":{"_kad_post_transparent":"","_kad_post_title":"","_kad_post_layout":"","_kad_post_sidebar_id":"","_kad_post_content_style":"","_kad_post_vertical_padding":"","_kad_post_feature":"","_kad_post_feature_position":"","_kad_post_header":false,"_kad_post_footer":false,"_kad_post_classname":"","footnotes":""},"class_list":["post-7811","page","type-page","status-publish","hentry"],"featured_image_src":null,"builder_content":"","_links":{"self":[{"href":"https:\/\/sapinseudunpurjehtijat.fi\/index.php?rest_route=\/wp\/v2\/pages\/7811","targetHints":{"allow":["GET"]}}],"collection":[{"href":"https:\/\/sapinseudunpurjehtijat.fi\/index.php?rest_route=\/wp\/v2\/pages"}],"about":[{"href":"https:\/\/sapinseudunpurjehtijat.fi\/index.php?rest_route=\/wp\/v2\/types\/page"}],"author":[{"embeddable":true,"href":"https:\/\/sapinseudunpurjehtijat.fi\/index.php?rest_route=\/wp\/v2\/users\/2"}],"replies":[{"embeddable":true,"href":"https:\/\/sapinseudunpurjehtijat.fi\/index.php?rest_route=%2Fwp%2Fv2%2Fcomments&post=7811"}],"version-history":[{"count":3,"href":"https:\/\/sapinseudunpurjehtijat.fi\/index.php?rest_route=\/wp\/v2\/pages\/7811\/revisions"}],"predecessor-version":[{"id":7817,"href":"https:\/\/sapinseudunpurjehtijat.fi\/index.php?rest_route=\/wp\/v2\/pages\/7811\/revisions\/7817"}],"wp:attachment":[{"href":"https:\/\/sapinseudunpurjehtijat.fi\/index.php?rest_route=%2Fwp%2Fv2%2Fmedia&parent=7811"}],"curies":[{"name":"wp","href":"https:\/\/api.w.org\/{rel}","templated":true}]}}