{"id":6347,"date":"2023-01-04T09:31:49","date_gmt":"2023-01-04T09:31:49","guid":{"rendered":"https:\/\/sapinseudunpurjehtijat.fi\/?page_id=6347"},"modified":"2026-04-16T15:34:44","modified_gmt":"2026-04-16T15:34:44","slug":"toimihenkilot-2023","status":"publish","type":"page","link":"https:\/\/sapinseudunpurjehtijat.fi\/?page_id=6347","title":{"rendered":"Toimihenkil\u00f6t 2026"},"content":{"rendered":"<!-- wp:themify-builder\/canvas \/-->\n\n\n<p><strong>Toimihenkil\u00f6t 2026<\/strong><\/p>\n\n\n\n<p><em>Rahastonhoitaja,<\/em> <strong>Kai Laikio,<\/strong> 050 517 6953, rahastonhoitaja@sapinseudunpurjehtijat.fi<\/p>\n\n\n\n<p><em>Kilpailup\u00e4\u00e4llikk\u00f6,<\/em> Paikka tarjolla!<\/p>\n\n\n\n<p><em>Leirip\u00e4\u00e4llikk\u00f6,<\/em> <strong>Rebekka Hermonen,<\/strong> 040 543 6576, leiri@sapinseudunpurjehtijat.fi<\/p>\n\n\n\n<p><em>Majamestari (R),<\/em> <strong>Markus Liukonen,<\/strong> 050 3560331, ryovaskeri@sapinseudunpurjehtijat.fi<\/p>\n\n\n\n<p><em>Majamestari (K),<\/em> <strong>Heikki Kangasj\u00e4rvi,<\/strong> 050 387 9250, heikki.kangasjarvi@gmail.com<\/p>\n\n\n\n<p><em>Majamestari (V),<\/em> <strong>Mikko Virtanen,<\/strong> 050 387 3110, mikko1000kw@gmail.com<\/p>\n\n\n\n<p><em>Satamakapteeni,<\/em> <strong>Jukka Ketola,<\/strong> 0400 790 867<\/p>\n\n\n\n<p><em>Klubimestari, <\/em><strong>Heidi Heinil\u00e4, <\/strong>044 522 3488, hallitus@sapinseudunpurjehtijat.fi<\/p>\n\n\n\n<p><em>Tiedotus,<\/em> <strong>Timo Tarkkanen,<\/strong> 040 528 4746, tiedotus@sapinseudunpurjehtijat.fi<\/p>\n\n\n\n<p><em>IT &amp; WWW,<\/em> <strong>Jere Kuusinen,<\/strong> jere.kuusinen(at)gmail.com<\/p>\n\n\n\n<p><em>Sosiaalinen media,<\/em> <strong>Neea Hermonen,<\/strong> 040 485 7545, tiedotus@sapinseudunpurjehtijat.fi<\/p>\n\n\n\n<p><em>Pilivinni-lehti,<\/em> Paikka tarjolla!<\/p>\n\n\n\n<p><em>Katsastaja (L),<\/em> <strong>Mika Lahtinen,<\/strong> 050 387 9280<\/p>\n\n\n\n<p><em>Katsastaja (L,P),<\/em> <strong>Ville Elomaa,<\/strong> 0400 464 351<\/p>\n\n\n\n<p><em>Katsastaja (L,P),<\/em> <strong>Aki Koski,<\/strong> 044 333 1403<\/p>\n\n\n\n<p><em>Katsastaja (L),<\/em> <strong>Juuso Lahdenmaa,<\/strong> 044 710 3622, katsastus@sapinseudunpurjehtijat.fi<\/p>\n\n\n\n<p><em>Katsastaja (Raisio),<\/em> <strong>Markus Saarela,<\/strong> 044 308 6403<\/p>\n\n\n\n<p><em>Katsastaja (L),<\/em><strong>Juhani Paavilainen<\/strong>, 0400 515 842<\/p>\n\n\n\n<p>R=Ry\u00f6v\u00e4skeri, K=Kihtis\u00e4ppi, V=Vihtas\u00e4ppi, L=Luvia, P=Pori <\/p>\n","protected":false},"excerpt":{"rendered":"<p>Toimihenkil\u00f6t 2026 Rahastonhoitaja, Kai Laikio, 050 517 6953, rahastonhoitaja@sapinseudunpurjehtijat.fi Kilpailup\u00e4\u00e4llikk\u00f6, Paikka tarjolla! Leirip\u00e4\u00e4llikk\u00f6, Rebekka Hermonen, 040 543 6576, leiri@sapinseudunpurjehtijat.fi Majamestari (R), Markus Liukonen, 050 3560331, ryovaskeri@sapinseudunpurjehtijat.fi Majamestari (K), Heikki Kangasj\u00e4rvi, 050 387 9250, heikki.kangasjarvi@gmail.com Majamestari (V), Mikko Virtanen, 050 387 3110, mikko1000kw@gmail.com Satamakapteeni, Jukka Ketola, 0400 790 867 Klubimestari, Heidi Heinil\u00e4, 044 522 3488, hallitus@sapinseudunpurjehtijat.fi&#8230;<\/p>\n","protected":false},"author":2,"featured_media":0,"parent":0,"menu_order":0,"comment_status":"closed","ping_status":"closed","template":"","meta":{"_kad_post_transparent":"","_kad_post_title":"","_kad_post_layout":"","_kad_post_sidebar_id":"","_kad_post_content_style":"","_kad_post_vertical_padding":"","_kad_post_feature":"","_kad_post_feature_position":"","_kad_post_header":false,"_kad_post_footer":false,"_kad_post_classname":"","footnotes":""},"class_list":["post-6347","page","type-page","status-publish","hentry"],"featured_image_src":null,"builder_content":"","_links":{"self":[{"href":"https:\/\/sapinseudunpurjehtijat.fi\/index.php?rest_route=\/wp\/v2\/pages\/6347","targetHints":{"allow":["GET"]}}],"collection":[{"href":"https:\/\/sapinseudunpurjehtijat.fi\/index.php?rest_route=\/wp\/v2\/pages"}],"about":[{"href":"https:\/\/sapinseudunpurjehtijat.fi\/index.php?rest_route=\/wp\/v2\/types\/page"}],"author":[{"embeddable":true,"href":"https:\/\/sapinseudunpurjehtijat.fi\/index.php?rest_route=\/wp\/v2\/users\/2"}],"replies":[{"embeddable":true,"href":"https:\/\/sapinseudunpurjehtijat.fi\/index.php?rest_route=%2Fwp%2Fv2%2Fcomments&post=6347"}],"version-history":[{"count":46,"href":"https:\/\/sapinseudunpurjehtijat.fi\/index.php?rest_route=\/wp\/v2\/pages\/6347\/revisions"}],"predecessor-version":[{"id":8195,"href":"https:\/\/sapinseudunpurjehtijat.fi\/index.php?rest_route=\/wp\/v2\/pages\/6347\/revisions\/8195"}],"wp:attachment":[{"href":"https:\/\/sapinseudunpurjehtijat.fi\/index.php?rest_route=%2Fwp%2Fv2%2Fmedia&parent=6347"}],"curies":[{"name":"wp","href":"https:\/\/api.w.org\/{rel}","templated":true}]}}