{"id":6177,"date":"2022-06-26T18:16:26","date_gmt":"2022-06-26T18:16:26","guid":{"rendered":"https:\/\/sapinseudunpurjehtijat.fi\/?page_id=6177"},"modified":"2022-06-26T18:19:00","modified_gmt":"2022-06-26T18:19:00","slug":"petter-lundstrom-still-racen-voittaja","status":"publish","type":"page","link":"https:\/\/sapinseudunpurjehtijat.fi\/?page_id=6177","title":{"rendered":"Petter Lundstr\u00f6m still-racen voittaja"},"content":{"rendered":"<!-- wp:themify-builder\/canvas \/-->\n\n\n<p>Petter Lundstr\u00f6m ja Samu Breite voittivat juhannusp\u00e4iv\u00e4n\u00e4 purjehditun Still-racen.<\/p>\n","protected":false},"excerpt":{"rendered":"<p>Petter Lundstr\u00f6m ja Samu Breite voittivat juhannusp\u00e4iv\u00e4n\u00e4 purjehditun Still-racen.<\/p>\n","protected":false},"author":2,"featured_media":0,"parent":0,"menu_order":0,"comment_status":"closed","ping_status":"closed","template":"","meta":{"_kad_post_transparent":"","_kad_post_title":"","_kad_post_layout":"","_kad_post_sidebar_id":"","_kad_post_content_style":"","_kad_post_vertical_padding":"","_kad_post_feature":"","_kad_post_feature_position":"","_kad_post_header":false,"_kad_post_footer":false,"_kad_post_classname":"","footnotes":""},"class_list":["post-6177","page","type-page","status-publish","hentry"],"featured_image_src":null,"builder_content":"","_links":{"self":[{"href":"https:\/\/sapinseudunpurjehtijat.fi\/index.php?rest_route=\/wp\/v2\/pages\/6177","targetHints":{"allow":["GET"]}}],"collection":[{"href":"https:\/\/sapinseudunpurjehtijat.fi\/index.php?rest_route=\/wp\/v2\/pages"}],"about":[{"href":"https:\/\/sapinseudunpurjehtijat.fi\/index.php?rest_route=\/wp\/v2\/types\/page"}],"author":[{"embeddable":true,"href":"https:\/\/sapinseudunpurjehtijat.fi\/index.php?rest_route=\/wp\/v2\/users\/2"}],"replies":[{"embeddable":true,"href":"https:\/\/sapinseudunpurjehtijat.fi\/index.php?rest_route=%2Fwp%2Fv2%2Fcomments&post=6177"}],"version-history":[{"count":3,"href":"https:\/\/sapinseudunpurjehtijat.fi\/index.php?rest_route=\/wp\/v2\/pages\/6177\/revisions"}],"predecessor-version":[{"id":6181,"href":"https:\/\/sapinseudunpurjehtijat.fi\/index.php?rest_route=\/wp\/v2\/pages\/6177\/revisions\/6181"}],"wp:attachment":[{"href":"https:\/\/sapinseudunpurjehtijat.fi\/index.php?rest_route=%2Fwp%2Fv2%2Fmedia&parent=6177"}],"curies":[{"name":"wp","href":"https:\/\/api.w.org\/{rel}","templated":true}]}}