{"id":5790,"date":"2022-01-02T17:20:01","date_gmt":"2022-01-02T17:20:01","guid":{"rendered":"https:\/\/sapinseudunpurjehtijat.fi\/?page_id=5790"},"modified":"2026-01-04T13:18:33","modified_gmt":"2026-01-04T13:18:33","slug":"toimintaohjelma-2022","status":"publish","type":"page","link":"https:\/\/sapinseudunpurjehtijat.fi\/?page_id=5790","title":{"rendered":"TOIMINTAOHJELMA 2026"},"content":{"rendered":"<!-- wp:themify-builder\/canvas \/-->\n\n\n<p><\/p>\n\n\n\n<p><\/p>\n","protected":false},"excerpt":{"rendered":"","protected":false},"author":2,"featured_media":0,"parent":0,"menu_order":0,"comment_status":"closed","ping_status":"closed","template":"","meta":{"_kad_post_transparent":"default","_kad_post_title":"hide","_kad_post_layout":"","_kad_post_sidebar_id":"","_kad_post_content_style":"","_kad_post_vertical_padding":"","_kad_post_feature":"","_kad_post_feature_position":"","_kad_post_header":false,"_kad_post_footer":false,"_kad_post_classname":"","footnotes":""},"class_list":["post-5790","page","type-page","status-publish","hentry"],"featured_image_src":null,"builder_content":"<img src=\"https:\/\/sapinseudunpurjehtijat.fi\/wp-content\/uploads\/2021\/09\/6413bdb9-e2c0-4653-b766-b5be490fc6c5-1-1024x460-1098x410.jpg\" width=\"1098\" height=\"410\" title=\"6413bdb9-e2c0-4653-b766-b5be490fc6c5\" alt=\"6413bdb9-e2c0-4653-b766-b5be490fc6c5\">\n<p>\u00a0<\/p> <h5>TOIMINTAOHJELMA VUODELLE 2026<\/h5> <h5><strong>07<\/strong><strong>.03.<\/strong> <em>12:00<\/em> Koko perheen hiihtoretki Laitakarissa (j\u00e4\u00e4tilanteen salliessa Ry\u00f6v\u00e4skeriss\u00e4)<br \/><strong>14.03.<\/strong> <em>14:00<\/em> Kev\u00e4tkokous, klo 15:00 sauna ja Platlenssi, Laitakarin Merihelmi (Huom! seuraa tiedotusta ajan ja paikan suhteen.)<\/h5> <h5><em>Kev\u00e4\u00e4n 2026 purjehdus- ja veneilykoulutus, seuraa tiedotusta.<\/em><\/h5> <h5><strong>17.04.<\/strong> <em>18:00<\/em> Toimihenkil\u00f6palaveri, Paikka tarkentuu.<br \/><strong>09.05.<\/strong> <em>12:00<\/em> Purjehduskauden avaus, Laitakari, venekatsastukset, Laitakari ja Reposaari<\/h5> <h5><em>Talkoot toukokuussa majoilla ja Laitakarissa, seuraa tiedotusta<\/em><em>.<\/em><\/h5> <h5><strong>23.05. <\/strong><em>12:00 <\/em>Venekatsastukset, Laitakari ja Reposaari\u00a0\u00a0\u00a0\u00a0<\/h5> <h5><strong>04.06.-06.06.<\/strong> Flikkaitte seilauskoul, Laitakari<\/h5> <h5><strong>06.06.<\/strong> <em>15:00<\/em> Selk\u00e4meri Kutsuu -kilpapurjehdus, Laitakari<br \/><strong>06.06.<\/strong> <em>19:00<\/em> Illanvietto, Laitakari<br \/><strong>13.06.\u00a0\u00a0<\/strong>Kes\u00e4talkoot Ry\u00f6v\u00e4skeriss\u00e4<\/h5> <h5><strong>17.06.<\/strong> <em>18:00<\/em> Venekatsastukset, Laitakari ja Reposaari<br \/><strong>20.06.<\/strong> <em>15:00<\/em> Still Race I ja Juhannustapahtuma, Ry\u00f6v\u00e4skeri<br \/><strong>26.06.-28.06.<\/strong> H-veneleiri, Ry\u00f6v\u00e4skeri<br \/><strong>28.06.<\/strong> <em>14:00<\/em> H-venekisa, Ry\u00f6v\u00e4skeri<br \/><strong>29.06.-04.07.<\/strong> Purjehdusleiri 9-14 -vuotiaille, Ry\u00f6v\u00e4skeri<br \/><strong>11.07.<\/strong> <em>13:00<\/em> Meren juhla, onkikilpailu, Kihtis\u00e4ppi<br \/><strong>01.08.<\/strong> <em>11:00<\/em> S\u00e4pin ymp\u00e4ripurjehdus, Laitakari \/ Ry\u00f6v\u00e4skeri<br \/><strong>05.08.<\/strong> <em>18:00<\/em> Doop 1\/3, Laitakari<br \/><strong>12.08.<\/strong> <em>18:00<\/em> Doop 2\/3, Laitakari<\/h5> <h5><strong>15.08.<\/strong> <em>14:00<\/em> Still race II, Laitakari<br \/><strong>19.08.<\/strong> <em>12:00 <\/em>Doop III, Laitakari<\/h5> <h5><strong>22.08. <\/strong><em>12:00<\/em> Kuunpudotuspurjehdus ja Kuunpudottajaiset, Ry\u00f6v\u00e4skeri<br \/><strong>05.09.<\/strong> <em>14:00<\/em> Still Race III,Purjehduskauden p\u00e4\u00e4tt\u00e4j\u00e4iset ja illanvietto, Laitakari\u00a0\u00a0\u00a0\u00a0\u00a0\u00a0<\/h5> <h5><em>Syyskuussa Rauman Sea Race -purjehdus, talkoot majoilla ja Laitakarissa<\/em><br \/><strong>06.11.<\/strong> <em>19:00<\/em> Syyskokous<\/h5> <h5>Ohjelman muutoksista ilmoitetaan seuran www-sivuilla, jossa tiedotetaan my\u00f6s tapahtumiin ja talkoisiin liittyvist\u00e4 asioista.<\/h5>","_links":{"self":[{"href":"https:\/\/sapinseudunpurjehtijat.fi\/index.php?rest_route=\/wp\/v2\/pages\/5790","targetHints":{"allow":["GET"]}}],"collection":[{"href":"https:\/\/sapinseudunpurjehtijat.fi\/index.php?rest_route=\/wp\/v2\/pages"}],"about":[{"href":"https:\/\/sapinseudunpurjehtijat.fi\/index.php?rest_route=\/wp\/v2\/types\/page"}],"author":[{"embeddable":true,"href":"https:\/\/sapinseudunpurjehtijat.fi\/index.php?rest_route=\/wp\/v2\/users\/2"}],"replies":[{"embeddable":true,"href":"https:\/\/sapinseudunpurjehtijat.fi\/index.php?rest_route=%2Fwp%2Fv2%2Fcomments&post=5790"}],"version-history":[{"count":66,"href":"https:\/\/sapinseudunpurjehtijat.fi\/index.php?rest_route=\/wp\/v2\/pages\/5790\/revisions"}],"predecessor-version":[{"id":7950,"href":"https:\/\/sapinseudunpurjehtijat.fi\/index.php?rest_route=\/wp\/v2\/pages\/5790\/revisions\/7950"}],"wp:attachment":[{"href":"https:\/\/sapinseudunpurjehtijat.fi\/index.php?rest_route=%2Fwp%2Fv2%2Fmedia&parent=5790"}],"curies":[{"name":"wp","href":"https:\/\/api.w.org\/{rel}","templated":true}]}}