{"id":4718,"date":"2021-07-15T15:03:22","date_gmt":"2021-07-15T12:03:22","guid":{"rendered":"http:\/\/u67146.www2.webdomain.fi\/?page_id=4718"},"modified":"2021-12-05T16:56:48","modified_gmt":"2021-12-05T16:56:48","slug":"xanthippe-hangon-regatan-ykkonen","status":"publish","type":"page","link":"https:\/\/sapinseudunpurjehtijat.fi\/?page_id=4718","title":{"rendered":"Xanthippe Hangon regatan ykk\u00f6nen"},"content":{"rendered":"<!-- wp:themify-builder\/canvas \/-->\n\n<p>Tor Lundstr\u00f6m voitti Xanthipell\u00e4 Hangon regatan ison k\u00f6livenen luokan.<\/p>\n","protected":false},"excerpt":{"rendered":"<p>Tor Lundstr\u00f6m voitti Xanthipell\u00e4 Hangon regatan ison k\u00f6livenen luokan.<\/p>\n","protected":false},"author":2,"featured_media":0,"parent":0,"menu_order":0,"comment_status":"closed","ping_status":"closed","template":"","meta":{"_kad_post_transparent":"","_kad_post_title":"","_kad_post_layout":"","_kad_post_sidebar_id":"","_kad_post_content_style":"","_kad_post_vertical_padding":"","_kad_post_feature":"","_kad_post_feature_position":"","_kad_post_header":false,"_kad_post_footer":false,"_kad_post_classname":"","footnotes":""},"class_list":["post-4718","page","type-page","status-publish","hentry"],"featured_image_src":null,"builder_content":"","_links":{"self":[{"href":"https:\/\/sapinseudunpurjehtijat.fi\/index.php?rest_route=\/wp\/v2\/pages\/4718","targetHints":{"allow":["GET"]}}],"collection":[{"href":"https:\/\/sapinseudunpurjehtijat.fi\/index.php?rest_route=\/wp\/v2\/pages"}],"about":[{"href":"https:\/\/sapinseudunpurjehtijat.fi\/index.php?rest_route=\/wp\/v2\/types\/page"}],"author":[{"embeddable":true,"href":"https:\/\/sapinseudunpurjehtijat.fi\/index.php?rest_route=\/wp\/v2\/users\/2"}],"replies":[{"embeddable":true,"href":"https:\/\/sapinseudunpurjehtijat.fi\/index.php?rest_route=%2Fwp%2Fv2%2Fcomments&post=4718"}],"version-history":[{"count":0,"href":"https:\/\/sapinseudunpurjehtijat.fi\/index.php?rest_route=\/wp\/v2\/pages\/4718\/revisions"}],"wp:attachment":[{"href":"https:\/\/sapinseudunpurjehtijat.fi\/index.php?rest_route=%2Fwp%2Fv2%2Fmedia&parent=4718"}],"curies":[{"name":"wp","href":"https:\/\/api.w.org\/{rel}","templated":true}]}}