{"id":3551,"date":"2019-02-19T22:38:45","date_gmt":"2019-02-19T20:38:45","guid":{"rendered":"http:\/\/u67146.www2.webdomain.fi\/?page_id=3551"},"modified":"2026-01-05T10:52:26","modified_gmt":"2026-01-05T10:52:26","slug":"miten-paaset-jaseneksi","status":"publish","type":"page","link":"https:\/\/sapinseudunpurjehtijat.fi\/?page_id=3551","title":{"rendered":"Miten p\u00e4\u00e4set j\u00e4seneksi?"},"content":{"rendered":"<div id=\"pl-3551\" class=\"panel-layout\">\n<div id=\"pg-3551-0\" class=\"panel-grid panel-no-style\">\n<div id=\"pgc-3551-0-0\" class=\"panel-grid-cell\" data-weight=\"1\">\n<div id=\"panel-3551-0-0-0\" class=\"so-panel widget panel-first-child\" data-index=\"0\" data-style=\"{&quot;background_image_attachment&quot;:false,&quot;background_display&quot;:&quot;tile&quot;}\">\u00a0<\/div>\n<div id=\"panel-3551-0-0-1\" class=\"so-panel widget widget_text panel-last-child\" data-index=\"1\" data-style=\"{&quot;background_image_attachment&quot;:false,&quot;background_display&quot;:&quot;tile&quot;}\">\n<h3 class=\"widget-title\">N\u00e4in p\u00e4\u00e4set j\u00e4seneksi<\/h3>\n<div class=\"textwidget\">\n<ol>\n<li>Kopio ja t\u00e4yt\u00e4 liittymislomake (l\u00f6yd\u00e4t sen Seura-osiosta). 2. Pyyd\u00e4 kahdelta tuntemaltasi seuran j\u00e4senelt\u00e4 suositus. Jos et tunne ket\u00e4\u00e4n, ota yhteys seuran hallituksen. 3. Toimita hakemus seuran hallitukselle.<\/li>\n<\/ol>\n<p>Liittymismaksu vuonna 2026 on aikuiselta 365 \u20ac, juniorilta 15 \u20ac ja perhej\u00e4senelt\u00e4 15 \u20ac, j\u00e4senmaksu varsinaiselta j\u00e4senelt\u00e4 70 \u20ac, juniorilta 33 \u20ac ja perhej\u00e4senelt\u00e4 30 \u20ac. Ainaisj\u00e4senmaksu on 750 \u20ac.<\/p>\n<\/div>\n<\/div>\n<\/div>\n<\/div>\n<\/div>\n\n<!-- wp:themify-builder\/canvas \/-->","protected":false},"excerpt":{"rendered":"<p>\u00a0 N\u00e4in p\u00e4\u00e4set j\u00e4seneksi Kopio ja t\u00e4yt\u00e4 liittymislomake (l\u00f6yd\u00e4t sen Seura-osiosta). 2. Pyyd\u00e4 kahdelta tuntemaltasi seuran j\u00e4senelt\u00e4 suositus. Jos et tunne ket\u00e4\u00e4n, ota yhteys seuran hallituksen. 3. Toimita hakemus seuran hallitukselle. Liittymismaksu vuonna 2026 on aikuiselta 365 \u20ac, juniorilta 15 \u20ac ja perhej\u00e4senelt\u00e4 15 \u20ac, j\u00e4senmaksu varsinaiselta j\u00e4senelt\u00e4 70 \u20ac, juniorilta 33 \u20ac ja perhej\u00e4senelt\u00e4&#8230;<\/p>\n","protected":false},"author":4,"featured_media":0,"parent":0,"menu_order":0,"comment_status":"closed","ping_status":"closed","template":"","meta":{"_kad_post_transparent":"","_kad_post_title":"","_kad_post_layout":"","_kad_post_sidebar_id":"","_kad_post_content_style":"","_kad_post_vertical_padding":"","_kad_post_feature":"","_kad_post_feature_position":"","_kad_post_header":false,"_kad_post_footer":false,"_kad_post_classname":"","footnotes":""},"class_list":["post-3551","page","type-page","status-publish","hentry"],"featured_image_src":null,"builder_content":"","_links":{"self":[{"href":"https:\/\/sapinseudunpurjehtijat.fi\/index.php?rest_route=\/wp\/v2\/pages\/3551","targetHints":{"allow":["GET"]}}],"collection":[{"href":"https:\/\/sapinseudunpurjehtijat.fi\/index.php?rest_route=\/wp\/v2\/pages"}],"about":[{"href":"https:\/\/sapinseudunpurjehtijat.fi\/index.php?rest_route=\/wp\/v2\/types\/page"}],"author":[{"embeddable":true,"href":"https:\/\/sapinseudunpurjehtijat.fi\/index.php?rest_route=\/wp\/v2\/users\/4"}],"replies":[{"embeddable":true,"href":"https:\/\/sapinseudunpurjehtijat.fi\/index.php?rest_route=%2Fwp%2Fv2%2Fcomments&post=3551"}],"version-history":[{"count":12,"href":"https:\/\/sapinseudunpurjehtijat.fi\/index.php?rest_route=\/wp\/v2\/pages\/3551\/revisions"}],"predecessor-version":[{"id":7956,"href":"https:\/\/sapinseudunpurjehtijat.fi\/index.php?rest_route=\/wp\/v2\/pages\/3551\/revisions\/7956"}],"wp:attachment":[{"href":"https:\/\/sapinseudunpurjehtijat.fi\/index.php?rest_route=%2Fwp%2Fv2%2Fmedia&parent=3551"}],"curies":[{"name":"wp","href":"https:\/\/api.w.org\/{rel}","templated":true}]}}