{"id":2374,"date":"2017-03-13T20:09:58","date_gmt":"2017-03-13T18:09:58","guid":{"rendered":"http:\/\/u67146.www2.webdomain.fi\/?page_id=2374"},"modified":"2024-12-08T09:08:14","modified_gmt":"2024-12-08T09:08:14","slug":"kevatkokouksessa-kasiteltava-saantomuutosehdotus","status":"publish","type":"page","link":"https:\/\/sapinseudunpurjehtijat.fi\/?page_id=2374","title":{"rendered":"SEURAN S\u00c4\u00c4NN\u00d6T"},"content":{"rendered":"<p><br \/><br \/><strong><em>YHDISTYKSEN S\u00c4\u00c4NN\u00d6T<\/em><\/strong><br \/>1.\u00a7<br \/>Yhdistyksen, josta n\u00e4iss\u00e4 s\u00e4\u00e4nn\u00f6iss\u00e4 k\u00e4ytet\u00e4\u00e4n nimityst\u00e4 seura, nimi on S\u00e4pin Seudun Purjehtijat. Nimest\u00e4 k\u00e4ytet\u00e4\u00e4n ep\u00e4virallista lyhennyst\u00e4 SSP. Seuran kotipaikka on Eurajoen Luvia.<span style=\"color: #3366ff;\"><br \/><\/span><br \/>2.\u00a7<br \/>Seuran tarkoituksena on her\u00e4tt\u00e4\u00e4 ja vahvistaa harrastusta purjehdusurheilua\u00a0 ja veneily\u00e4 kohtaan, suojella purjehdusymp\u00e4rist\u00f6n luontoa, toimia seudun purjehtijoiden yhdyssiteen\u00e4 sek\u00e4 veneiden merikelpoisuuden, merimies- ja purjehdustaitojen kehitt\u00e4j\u00e4n\u00e4. Erityisen\u00e4 toiminnan painopistealueena on nuorison kasvatus purjehdusurheilun ja harrastuksen pariin luontoarvoja ja ymp\u00e4rist\u00f6\u00e4 kunnioittavalla tavalla. Toteuttaakseen tarkoitustaan seura j\u00e4rjest\u00e4\u00e4 matka- ja kilpapurjehduksia, koulutusta, leirej\u00e4, neuvottelu- ja juhlatilaisuuksia, hankkii ja yll\u00e4pit\u00e4\u00e4 seuran toiminnalle tarpeellisia laitoksia sek\u00e4 ker\u00e4\u00e4 varoja toiminnan yll\u00e4pit\u00e4miseen s\u00e4\u00e4nt\u00f6jen 10 \u00a7:ss\u00e4 mainittujen maksujen lis\u00e4ksi j\u00e4rjest\u00e4m\u00e4ll\u00e4 arpajaisia, juhlatilaisuuksia, ker\u00e4yksi\u00e4, talkoita ym. vastaavanlaisia tilaisuuksia.<br \/>3.\u00a7<br \/>Seura on oikeutettu omistamaan kiinteist\u00f6j\u00e4 ja muuta omaisuutta.<br \/>4.\u00a7<br \/>Seuran asioita hoitaa hallitus. Hallitukseen kuluu puheenjohtaja, jota kutsutaan kommodoriksi ja kuusi j\u00e4sent\u00e4. Hallitus valitsee keskuudestaan varapuheenjohtajan, jota kutsutaan varakommodoriksi sek\u00e4 rahastonhoitajan ja sihteerin. Rahastonhoitaja ja sihteeri voidaan valita my\u00f6s hallituksen ulkopuolelta. Hallituksen j\u00e4senet valitaan seuran syyskokouksessa kolmeksi vuodeksi kerrallaan. Joka vuosi eroaa hallituksesta kaksi j\u00e4sent\u00e4<span style=\"text-decoration: line-through;\">. <\/span>Hallitus on p\u00e4\u00e4t\u00f6svaltainen puheenjohtajan tai varapuheenjohtajan ja v\u00e4hint\u00e4\u00e4n kolmen muun j\u00e4senen ollessa l\u00e4sn\u00e4. \u00c4\u00e4nten menness\u00e4 tasan hallituksen kokouksessa voittaa se mielipide, jota puheenjohtaja kannattaa. Hallituksen p\u00f6yt\u00e4kirjan j\u00e4ljenn\u00f6s on ennen seuraavaa kokousta toimitettava kaikille hallituksen j\u00e4senille. Hallituksen kokouksen p\u00f6yt\u00e4kirja hyv\u00e4ksyt\u00e4\u00e4n seuraavassa hallituksen kokouksessa.<br \/>5.\u00a7<br \/>Seuran nimen kirjoittaa puheenjohtaja tai varapuheenjohtaja jompikumpi yhdess\u00e4 sihteerin, rahastonhoitajan tai jonkun hallituksen j\u00e4senen kanssa.<br \/>6.\u00a7<br \/>Seuran toiminta- ja tilikausi on kalenterivuosi. Tilit on yhdess\u00e4 toimintakertomuksen ja kokousp\u00f6yt\u00e4kirjojen kanssa annettava\u00a0maaliskuun loppuun menness\u00e4 toiminnantarkastajalle,\u00a0joka toimittaa n\u00e4ist\u00e4 kirjallisen lausunnon hallitukselle ennen vuosikokousta.<br \/>7.\u00a7<br \/>Seuran j\u00e4seniksi p\u00e4\u00e4sev\u00e4t hallituksen hyv\u00e4ksym\u00e4t henkil\u00f6t maksamalla liittymismaksun. Varsinaisten j\u00e4senten lis\u00e4ksi seurassa on leiri-, juniori- ja perhej\u00e4seni\u00e4, joilla ei ole \u00e4\u00e4nioikeutta. Juniorij\u00e4seni\u00e4 ovat alle kahdeksantoistavuotiaat ja perhej\u00e4seni\u00e4 henkil\u00f6t, joiden muu samassa taloudessa asuva henkil\u00f6 on varsinainen j\u00e4sen. Varsinainen j\u00e4sen voi tulla ainaisj\u00e4seneksi maksamalla ainaisj\u00e4senmaksun. Kunniaj\u00e4sen valitaan seuran kokouksessa hallituksen esityksest\u00e4, jos v\u00e4hint\u00e4\u00e4n kaksikolmasosaa l\u00e4sn\u00e4 olevista j\u00e4senist\u00e4 kannattaa esityst\u00e4. Seuran j\u00e4senet, ainais- ja kunniaj\u00e4seni\u00e4 lukuun ottamatta, maksavat vuotuisen j\u00e4senmaksun. Edell\u00e4 mainittujen maksujen suuruuden p\u00e4\u00e4tt\u00e4\u00e4 seuran syyskokous.<br \/>J\u00e4sen, joka turmelee purjehdusymp\u00e4rist\u00f6mme luontoa, k\u00e4ytt\u00e4ytyy sopimattomasti, laiminly\u00f6 seuran toimintaohjeita tai muulla tavoin vahingoittaa seuran mainetta tai toimintaa, voidaan hallituksen p\u00e4\u00e4t\u00f6ksell\u00e4 erottaa, jos v\u00e4hint\u00e4\u00e4n viisi j\u00e4sent\u00e4 sit\u00e4 kannattaa. J\u00e4sen, joka ei ole suorittanut vahvistettuja maksuja kahden kuukauden kuluessa kehotuksen siit\u00e4 saatuaan, voidaan katsoa eronneeksi. Jos j\u00e4sen itse tahtoo erota seurasta, tulee h\u00e4nen tehd\u00e4 siit\u00e4 kirjallinen ilmoitus hallitukselle tai sen puheenjohtajalle tai ilmoittaa siit\u00e4 seuran kokouksessa seuran kokouksessa p\u00f6yt\u00e4kirjaan merkitsemist\u00e4 varten. Kirjalliseksi ilmoitukseksi n\u00e4iss\u00e4 s\u00e4\u00e4nn\u00f6iss\u00e4 katsotaan my\u00f6s s\u00e4hk\u00f6postilla tullut\/l\u00e4hetetty tiedonanto.<br \/>8.\u00a7<br \/>Seuran varsinaisia kokouksia on kaksi. Kev\u00e4tkokous pidet\u00e4\u00e4n huhtikuun ja syyskokous marraskuun loppuun menness\u00e4. Ylim\u00e4\u00e4r\u00e4inen kokous pidet\u00e4\u00e4n, kun hallitus katsoo sen tarpeelliseksi tai milloin kymmenesosa seuran \u00e4\u00e4nioikeuksista j\u00e4senist\u00e4 on sit\u00e4 kirjallisesti pyyt\u00e4nyt tietyn asian k\u00e4sittely\u00e4 varten. Ylim\u00e4\u00e4r\u00e4isess\u00e4 kokouksessa k\u00e4sitell\u00e4\u00e4n vain ne asiat, jotka on kokouskutsussa mainittu.<br \/>9.\u00a7<br \/>Kokouskutsut on toimitettava seuran j\u00e4senille kirjallisesti v\u00e4hint\u00e4\u00e4n kaksi viikkoa ennen kokousta.<br \/>Kirjalliseksi kutsuksi katsotaan my\u00f6s seuran www sivuilla tai toimintaohjelmassa mainittu kutsu sek\u00e4 vuosikokouksen p\u00e4\u00e4t\u00f6ksen mukaisesti tehty muu s\u00e4hk\u00f6inen viesti.<br \/>Muut tiedonannot toimitetaan hallituksen p\u00e4\u00e4tt\u00e4m\u00e4ll\u00e4 tavalla.<br \/>10.\u00a7<br \/>Kev\u00e4tkokouksessa k\u00e4sitelt\u00e4v\u00e4t asiat:<\/p>\n<ol>\n<li>Todetaan kokouksen laillisuus ja p\u00e4\u00e4t\u00f6svaltaisuus.<\/li>\n<li>Valitaan kokouksen puheenjohtaja.<\/li>\n<li>Valitaan kokouksen sihteeri, kaksi p\u00f6yt\u00e4kirjantarkastajaa ja kaksi \u00e4\u00e4ntenlaskijaa.<\/li>\n<li>Esitet\u00e4\u00e4n tilit ja toiminnantarkastajan lausunto, sek\u00e4 p\u00e4\u00e4tet\u00e4\u00e4n vuosikertomuksen ja tilinp\u00e4\u00e4t\u00f6ksen vahvistamisesta.<\/li>\n<li>P\u00e4\u00e4tet\u00e4\u00e4n tili- ja vastuuvapauden my\u00f6nt\u00e4misest\u00e4 hallitukselle ja muille tilivelvollisille.<\/li>\n<li>K\u00e4sitell\u00e4\u00e4n muut kokouksessa esille tulevat asiat elleiv\u00e4t ne ole sen luonteisia, ett\u00e4 niist\u00e4 on yhdistyslain mukaisesti kokouskutsussa mainittava.<\/li>\n<\/ol>\n<p>Syyskokouksessa k\u00e4sitelt\u00e4v\u00e4t asiat:<\/p>\n<ol>\n<li>Todetaan kokouksen laillisuus ja p\u00e4\u00e4t\u00f6svaltaisuus.<\/li>\n<li>Valitaan kokouksen puheenjohtaja.<\/li>\n<li>Valitaan kokouksen sihteeri, kaksi p\u00f6yt\u00e4kirjantarkastajaa ja kaksi \u00e4\u00e4ntenlaskijaa.<\/li>\n<li>P\u00e4\u00e4tett\u00e4\u00e4n seuran j\u00e4sen- ja liittymismaksuista sek\u00e4 talousarviosta seuraavalle vuodelle.<\/li>\n<li>Hyv\u00e4ksyt\u00e4\u00e4n toimintasuunnitelma seuraavalle vuodelle.<\/li>\n<li>Valitaan joka kolmas vuosi seuran puheenjohtaja.<\/li>\n<li>Valitaan hallitukselle erovuoroisten j\u00e4senten tilalle uudet j\u00e4senet.<\/li>\n<li>Valitaan yksi toiminnantarkastaja ja yksivaratoiminnantarkastaja seuraavaksi tilikaudeksi, ellei laki toisin m\u00e4\u00e4r\u00e4\u00e4.<\/li>\n<li>K\u00e4sitell\u00e4\u00e4n muut kokouksessa esille tulevat asiat elleiv\u00e4t ne ole sen luonteisia, ett\u00e4 niist\u00e4 on yhdistyslain mukaisesti kokouskutsussa mainittava.<\/li>\n<\/ol>\n<p>11.\u00a7<br \/>Seuran kokouksissa on jokaisella varsinaisella, ainais- ja kunniaj\u00e4senell\u00e4 yksi \u00e4\u00e4ni. Kaikki ne asiat, joista n\u00e4iss\u00e4 s\u00e4\u00e4nn\u00f6iss\u00e4 ei ole toisin s\u00e4\u00e4detty, ratkaistaan avoimella \u00e4\u00e4nestyksell\u00e4 ja yksinkertaisella \u00e4\u00e4ntenenemmist\u00f6ll\u00e4. \u00c4\u00e4nten menness\u00e4 tasan ratkaisee puheenjohtajan \u00e4\u00e4ni. Henkil\u00f6vaalissa \u00e4\u00e4nten menness\u00e4 tasan, ratkaisee arpa. Valtakirjalla ei voi \u00e4\u00e4nest\u00e4\u00e4.<br \/>12.\u00a7<br \/>Tarvittavat toimihenkil\u00f6t ja toimikunnat valitsee hallitus.<br \/>13.\u00a7<br \/>Hallitus p\u00e4\u00e4tt\u00e4\u00e4 seuran palvelujen, kuten telakointi-, laituri- ja muiden vastaavien palvelujen k\u00e4ytt\u00e4misest\u00e4 j\u00e4senille aiheutuvista maksuista.<br \/>14.\u00a7<br \/>Seuran tunnuksena on valtioneuvoston hyv\u00e4ksym\u00e4 lippu. Lippua saa k\u00e4ytt\u00e4\u00e4 vain veneluetteloon merkityiss\u00e4 ja vuosittain katsastetuissa veneiss\u00e4. J\u00e4senill\u00e4 on oikeus k\u00e4ytt\u00e4\u00e4 seuran kokardilla varustettua purjehduslakkia.<br \/>15.\u00a7<br \/>Seura kuuluu j\u00e4senyhdistyksen\u00e4, yhdistyksen kokouksen niin p\u00e4\u00e4tt\u00e4ess\u00e4 Suomen Purjehdus ja Veneily ry:een, tai johonkin muuhun kattoj\u00e4rjest\u00f6\u00f6n.<br \/>Katsastetut veneet ilmoitetaan vuosittain\u00a0em. kattoj\u00e4rjest\u00f6n venerekisteriin.<br \/>16.\u00a7<br \/>Seuran hallituksella on oikeus n\u00e4iden s\u00e4\u00e4nt\u00f6jen lis\u00e4ksi antaa erilaisia toimintaohjeita, esimerkiksi m\u00e4\u00e4r\u00e4yksi\u00e4 lipun k\u00e4yt\u00f6st\u00e4 sek\u00e4 purjehdusmajoissa, satamissa ja telakka-alueilla noudatettavasta j\u00e4rjestyksest\u00e4 yms.<br \/>17.\u00a7<br \/>P\u00e4\u00e4t\u00f6s seuran purkamisesta tai s\u00e4\u00e4nt\u00f6jen muuttamisesta voidaan tehd\u00e4 kahdessa per\u00e4tt\u00e4isess\u00e4 varsinaisessa kokouksessa, jos v\u00e4hint\u00e4\u00e4n kolme nelj\u00e4sosaa kokoukseen osallistuvista j\u00e4senist\u00e4 sit\u00e4 kannattaa.<br \/>18.\u00a7<br \/>Jos seura purkautuu, k\u00e4ytet\u00e4\u00e4n sen omaisuus purjehdusurheilua edist\u00e4v\u00e4\u00e4n tarkoitukseen tavalla, jonka seuran viimeinen varsinainen kokous m\u00e4\u00e4r\u00e4\u00e4 kolme nelj\u00e4sosaa enemmist\u00f6ll\u00e4 annetuista \u00e4\u00e4nist\u00e4. Ellei t\u00e4t\u00e4 \u00e4\u00e4nten enemmist\u00f6\u00e4 saada, siirret\u00e4\u00e4n varat Suomen Meripelastusseura ry:lle.<br \/>Oikeusministeri\u00f6 on hyv\u00e4ksynyt yhdistyksen merkitt\u00e4v\u00e4ksi yhdistysrekisteriin toukokuun 8. p\u00e4iv\u00e4n\u00e4 1959.<\/p>\n\n<!-- wp:themify-builder\/canvas \/-->","protected":false},"excerpt":{"rendered":"<p>YHDISTYKSEN S\u00c4\u00c4NN\u00d6T1.\u00a7Yhdistyksen, josta n\u00e4iss\u00e4 s\u00e4\u00e4nn\u00f6iss\u00e4 k\u00e4ytet\u00e4\u00e4n nimityst\u00e4 seura, nimi on S\u00e4pin Seudun Purjehtijat. Nimest\u00e4 k\u00e4ytet\u00e4\u00e4n ep\u00e4virallista lyhennyst\u00e4 SSP. Seuran kotipaikka on Eurajoen Luvia.2.\u00a7Seuran tarkoituksena on her\u00e4tt\u00e4\u00e4 ja vahvistaa harrastusta purjehdusurheilua\u00a0 ja veneily\u00e4 kohtaan, suojella purjehdusymp\u00e4rist\u00f6n luontoa, toimia seudun purjehtijoiden yhdyssiteen\u00e4 sek\u00e4 veneiden merikelpoisuuden, merimies- ja purjehdustaitojen kehitt\u00e4j\u00e4n\u00e4. Erityisen\u00e4 toiminnan painopistealueena on nuorison kasvatus purjehdusurheilun ja&#8230;<\/p>\n","protected":false},"author":4,"featured_media":0,"parent":0,"menu_order":0,"comment_status":"closed","ping_status":"closed","template":"","meta":{"_kad_post_transparent":"","_kad_post_title":"","_kad_post_layout":"","_kad_post_sidebar_id":"","_kad_post_content_style":"","_kad_post_vertical_padding":"","_kad_post_feature":"","_kad_post_feature_position":"","_kad_post_header":false,"_kad_post_footer":false,"_kad_post_classname":"","footnotes":""},"class_list":["post-2374","page","type-page","status-publish","hentry"],"featured_image_src":null,"builder_content":"","_links":{"self":[{"href":"https:\/\/sapinseudunpurjehtijat.fi\/index.php?rest_route=\/wp\/v2\/pages\/2374","targetHints":{"allow":["GET"]}}],"collection":[{"href":"https:\/\/sapinseudunpurjehtijat.fi\/index.php?rest_route=\/wp\/v2\/pages"}],"about":[{"href":"https:\/\/sapinseudunpurjehtijat.fi\/index.php?rest_route=\/wp\/v2\/types\/page"}],"author":[{"embeddable":true,"href":"https:\/\/sapinseudunpurjehtijat.fi\/index.php?rest_route=\/wp\/v2\/users\/4"}],"replies":[{"embeddable":true,"href":"https:\/\/sapinseudunpurjehtijat.fi\/index.php?rest_route=%2Fwp%2Fv2%2Fcomments&post=2374"}],"version-history":[{"count":3,"href":"https:\/\/sapinseudunpurjehtijat.fi\/index.php?rest_route=\/wp\/v2\/pages\/2374\/revisions"}],"predecessor-version":[{"id":7348,"href":"https:\/\/sapinseudunpurjehtijat.fi\/index.php?rest_route=\/wp\/v2\/pages\/2374\/revisions\/7348"}],"wp:attachment":[{"href":"https:\/\/sapinseudunpurjehtijat.fi\/index.php?rest_route=%2Fwp%2Fv2%2Fmedia&parent=2374"}],"curies":[{"name":"wp","href":"https:\/\/api.w.org\/{rel}","templated":true}]}}