{"id":2079,"date":"2016-03-20T14:56:32","date_gmt":"2016-03-20T12:56:32","guid":{"rendered":"http:\/\/u67146.www2.webdomain.fi\/?page_id=2079"},"modified":"2016-03-20T14:56:32","modified_gmt":"2016-03-20T12:56:32","slug":"sivu-paivitetaan-kilpailukauden-alettua-2","status":"publish","type":"page","link":"https:\/\/sapinseudunpurjehtijat.fi\/?page_id=2079","title":{"rendered":"Sivu p\u00e4ivitet\u00e4\u00e4n kilpailukauden alettua"},"content":{"rendered":"<p>Sivu p\u00e4ivitet\u00e4\u00e4n kilpailukauden alettua.<\/p>\n","protected":false},"excerpt":{"rendered":"<p>Sivu p\u00e4ivitet\u00e4\u00e4n kilpailukauden alettua.<\/p>\n","protected":false},"author":4,"featured_media":0,"parent":0,"menu_order":0,"comment_status":"closed","ping_status":"closed","template":"","meta":{"_kad_post_transparent":"","_kad_post_title":"","_kad_post_layout":"","_kad_post_sidebar_id":"","_kad_post_content_style":"","_kad_post_vertical_padding":"","_kad_post_feature":"","_kad_post_feature_position":"","_kad_post_header":false,"_kad_post_footer":false,"_kad_post_classname":"","footnotes":""},"class_list":["post-2079","page","type-page","status-publish","hentry"],"featured_image_src":null,"builder_content":"","_links":{"self":[{"href":"https:\/\/sapinseudunpurjehtijat.fi\/index.php?rest_route=\/wp\/v2\/pages\/2079","targetHints":{"allow":["GET"]}}],"collection":[{"href":"https:\/\/sapinseudunpurjehtijat.fi\/index.php?rest_route=\/wp\/v2\/pages"}],"about":[{"href":"https:\/\/sapinseudunpurjehtijat.fi\/index.php?rest_route=\/wp\/v2\/types\/page"}],"author":[{"embeddable":true,"href":"https:\/\/sapinseudunpurjehtijat.fi\/index.php?rest_route=\/wp\/v2\/users\/4"}],"replies":[{"embeddable":true,"href":"https:\/\/sapinseudunpurjehtijat.fi\/index.php?rest_route=%2Fwp%2Fv2%2Fcomments&post=2079"}],"version-history":[{"count":0,"href":"https:\/\/sapinseudunpurjehtijat.fi\/index.php?rest_route=\/wp\/v2\/pages\/2079\/revisions"}],"wp:attachment":[{"href":"https:\/\/sapinseudunpurjehtijat.fi\/index.php?rest_route=%2Fwp%2Fv2%2Fmedia&parent=2079"}],"curies":[{"name":"wp","href":"https:\/\/api.w.org\/{rel}","templated":true}]}}