{"id":205,"date":"2013-03-05T06:06:51","date_gmt":"2013-03-05T04:06:51","guid":{"rendered":"http:\/\/u67146.www2.webdomain.fi\/?page_id=205"},"modified":"2024-07-22T09:43:40","modified_gmt":"2024-07-22T09:43:40","slug":"205-2","status":"publish","type":"page","link":"https:\/\/sapinseudunpurjehtijat.fi\/?page_id=205","title":{"rendered":"Vihtas\u00e4ppi"},"content":{"rendered":"<p><a href=\"http:\/\/u67146.www2.webdomain.fi\/wp-content\/uploads\/2013\/03\/lomapurjehdus-2006-045.jpg\"><img loading=\"lazy\" decoding=\"async\" class=\"alignnone  wp-image-502\" style=\"border: 1px solid black;\" src=\"http:\/\/u67146.www2.webdomain.fi\/wp-content\/uploads\/2013\/03\/lomapurjehdus-2006-045.jpg\" alt=\"Vihtamaan sauna\" width=\"600\" height=\"430\" \/><\/a><br \/>Vihtas\u00e4ppi (1980)<\/p>\n<p>Purjehdusmaja seuran j\u00e4senille Uudenkaupungin edustalla sijaitsevassa saaressa.<\/p>\n<p>(60\u00b048\u2032 26 \/ 21\u00b009\u2032 93)<\/p>\n<p>Majamestari Mikko Virtanen<\/p>\n<p><img loading=\"lazy\" decoding=\"async\" class=\"alignnone size-medium wp-image-7138\" src=\"https:\/\/sapinseudunpurjehtijat.fi\/wp-content\/uploads\/2024\/07\/Vihtasappireitti-300x225.jpg\" alt=\"\" width=\"300\" height=\"225\" srcset=\"https:\/\/sapinseudunpurjehtijat.fi\/wp-content\/uploads\/2024\/07\/Vihtasappireitti-300x225.jpg 300w, https:\/\/sapinseudunpurjehtijat.fi\/wp-content\/uploads\/2024\/07\/Vihtasappireitti-1024x768.jpg 1024w, https:\/\/sapinseudunpurjehtijat.fi\/wp-content\/uploads\/2024\/07\/Vihtasappireitti-768x576.jpg 768w, https:\/\/sapinseudunpurjehtijat.fi\/wp-content\/uploads\/2024\/07\/Vihtasappireitti-1536x1152.jpg 1536w, https:\/\/sapinseudunpurjehtijat.fi\/wp-content\/uploads\/2024\/07\/Vihtasappireitti.jpg 2048w\" sizes=\"auto, (max-width: 300px) 100vw, 300px\" \/><\/p>\n<p>L\u00e4hestyminen omalla vastuulla. Molemmilla reiteill\u00e4 kannattaa nopeudet pit\u00e4\u00e4 pienin\u00e4.<\/p>\n\n<!-- wp:themify-builder\/canvas \/-->","protected":false},"excerpt":{"rendered":"<p>Vihtas\u00e4ppi (1980) Purjehdusmaja seuran j\u00e4senille Uudenkaupungin edustalla sijaitsevassa saaressa. (60\u00b048\u2032 26 \/ 21\u00b009\u2032 93) Majamestari Mikko Virtanen L\u00e4hestyminen omalla vastuulla. Molemmilla reiteill\u00e4 kannattaa nopeudet pit\u00e4\u00e4 pienin\u00e4.<\/p>\n","protected":false},"author":4,"featured_media":0,"parent":0,"menu_order":0,"comment_status":"closed","ping_status":"closed","template":"","meta":{"_kad_post_transparent":"","_kad_post_title":"","_kad_post_layout":"","_kad_post_sidebar_id":"","_kad_post_content_style":"","_kad_post_vertical_padding":"","_kad_post_feature":"","_kad_post_feature_position":"","_kad_post_header":false,"_kad_post_footer":false,"_kad_post_classname":"","footnotes":""},"class_list":["post-205","page","type-page","status-publish","hentry"],"featured_image_src":null,"builder_content":"","_links":{"self":[{"href":"https:\/\/sapinseudunpurjehtijat.fi\/index.php?rest_route=\/wp\/v2\/pages\/205","targetHints":{"allow":["GET"]}}],"collection":[{"href":"https:\/\/sapinseudunpurjehtijat.fi\/index.php?rest_route=\/wp\/v2\/pages"}],"about":[{"href":"https:\/\/sapinseudunpurjehtijat.fi\/index.php?rest_route=\/wp\/v2\/types\/page"}],"author":[{"embeddable":true,"href":"https:\/\/sapinseudunpurjehtijat.fi\/index.php?rest_route=\/wp\/v2\/users\/4"}],"replies":[{"embeddable":true,"href":"https:\/\/sapinseudunpurjehtijat.fi\/index.php?rest_route=%2Fwp%2Fv2%2Fcomments&post=205"}],"version-history":[{"count":2,"href":"https:\/\/sapinseudunpurjehtijat.fi\/index.php?rest_route=\/wp\/v2\/pages\/205\/revisions"}],"predecessor-version":[{"id":7140,"href":"https:\/\/sapinseudunpurjehtijat.fi\/index.php?rest_route=\/wp\/v2\/pages\/205\/revisions\/7140"}],"wp:attachment":[{"href":"https:\/\/sapinseudunpurjehtijat.fi\/index.php?rest_route=%2Fwp%2Fv2%2Fmedia&parent=205"}],"curies":[{"name":"wp","href":"https:\/\/api.w.org\/{rel}","templated":true}]}}