{"id":198,"date":"2013-03-05T06:05:39","date_gmt":"2013-03-05T04:05:39","guid":{"rendered":"http:\/\/u67146.www2.webdomain.fi\/?page_id=198"},"modified":"2021-12-05T16:56:40","modified_gmt":"2021-12-05T16:56:40","slug":"ryovaskeri-4-2","status":"publish","type":"page","link":"https:\/\/sapinseudunpurjehtijat.fi\/?page_id=198","title":{"rendered":"Ry\u00f6v\u00e4skeri"},"content":{"rendered":"<p><a href=\"http:\/\/u67146.www2.webdomain.fi\/wp-content\/uploads\/2013\/03\/kaljaasi-ihana-ssp-risteily-113.jpg\"><img loading=\"lazy\" decoding=\"async\" class=\"alignnone size-full wp-image-1861\" src=\"http:\/\/u67146.www2.webdomain.fi\/wp-content\/uploads\/2013\/03\/kaljaasi-ihana-ssp-risteily-113.jpg\" alt=\"OLYMPUS DIGITAL CAMERA\" width=\"480\" height=\"360\" srcset=\"https:\/\/sapinseudunpurjehtijat.fi\/wp-content\/uploads\/2013\/03\/kaljaasi-ihana-ssp-risteily-113.jpg 480w, https:\/\/sapinseudunpurjehtijat.fi\/wp-content\/uploads\/2013\/03\/kaljaasi-ihana-ssp-risteily-113-300x225.jpg 300w\" sizes=\"auto, (max-width: 480px) 100vw, 480px\" \/><\/a><br \/>Ry\u00f6v\u00e4skeri (1960)<\/p>\n<p>Ry\u00f6v\u00e4skeri on Luvian edustalla olevassa samannimisess\u00e4 saaressa sijaitseva purjehdusmaja.<\/p>\n<p>Majamestari Markus Liukonen<\/p>\n<p>(61\u00b023\u2032 28 \/ 21\u00b025\u2032 65)<\/p>\n<!-- wp:themify-builder\/canvas \/-->","protected":false},"excerpt":{"rendered":"<p>Ry\u00f6v\u00e4skeri (1960) Ry\u00f6v\u00e4skeri on Luvian edustalla olevassa samannimisess\u00e4 saaressa sijaitseva purjehdusmaja. Majamestari Markus Liukonen (61\u00b023\u2032 28 \/ 21\u00b025\u2032 65)<\/p>\n","protected":false},"author":4,"featured_media":0,"parent":0,"menu_order":0,"comment_status":"closed","ping_status":"closed","template":"","meta":{"_kad_post_transparent":"","_kad_post_title":"","_kad_post_layout":"","_kad_post_sidebar_id":"","_kad_post_content_style":"","_kad_post_vertical_padding":"","_kad_post_feature":"","_kad_post_feature_position":"","_kad_post_header":false,"_kad_post_footer":false,"_kad_post_classname":"","footnotes":""},"class_list":["post-198","page","type-page","status-publish","hentry"],"featured_image_src":null,"builder_content":"","_links":{"self":[{"href":"https:\/\/sapinseudunpurjehtijat.fi\/index.php?rest_route=\/wp\/v2\/pages\/198","targetHints":{"allow":["GET"]}}],"collection":[{"href":"https:\/\/sapinseudunpurjehtijat.fi\/index.php?rest_route=\/wp\/v2\/pages"}],"about":[{"href":"https:\/\/sapinseudunpurjehtijat.fi\/index.php?rest_route=\/wp\/v2\/types\/page"}],"author":[{"embeddable":true,"href":"https:\/\/sapinseudunpurjehtijat.fi\/index.php?rest_route=\/wp\/v2\/users\/4"}],"replies":[{"embeddable":true,"href":"https:\/\/sapinseudunpurjehtijat.fi\/index.php?rest_route=%2Fwp%2Fv2%2Fcomments&post=198"}],"version-history":[{"count":0,"href":"https:\/\/sapinseudunpurjehtijat.fi\/index.php?rest_route=\/wp\/v2\/pages\/198\/revisions"}],"wp:attachment":[{"href":"https:\/\/sapinseudunpurjehtijat.fi\/index.php?rest_route=%2Fwp%2Fv2%2Fmedia&parent=198"}],"curies":[{"name":"wp","href":"https:\/\/api.w.org\/{rel}","templated":true}]}}