{"id":173,"date":"2013-03-03T08:53:39","date_gmt":"2013-03-03T05:53:39","guid":{"rendered":"http:\/\/u67146.www2.webdomain.fi\/?page_id=173"},"modified":"2013-03-03T08:53:39","modified_gmt":"2013-03-03T05:53:39","slug":"laitakarin-laiturin-painorajat","status":"publish","type":"page","link":"https:\/\/sapinseudunpurjehtijat.fi\/?page_id=173","title":{"rendered":"Laitakarin laiturien painorajat"},"content":{"rendered":"<p>Hallitus on p\u00e4\u00e4tt\u00e4nyt, ett\u00e4 vanhan laiturin &#8221;sis\u00e4reunalle&#8221; voidaan kiinnitt\u00e4\u00e4 veneit\u00e4, joiden maksimipaino on 6500 kg. &#8221;Ulkoreunan&#8221; rajaksi p\u00e4\u00e4tettiin 8500 kg. Uuden laiturin painoraja on 10000 kiloa.<br \/>\nHallitus<\/p>\n","protected":false},"excerpt":{"rendered":"<p>Hallitus on p\u00e4\u00e4tt\u00e4nyt, ett\u00e4 vanhan laiturin &#8221;sis\u00e4reunalle&#8221; voidaan kiinnitt\u00e4\u00e4 veneit\u00e4, joiden maksimipaino on 6500 kg. &#8221;Ulkoreunan&#8221; rajaksi p\u00e4\u00e4tettiin 8500 kg. Uuden laiturin painoraja on 10000 kiloa. Hallitus<\/p>\n","protected":false},"author":4,"featured_media":0,"parent":0,"menu_order":0,"comment_status":"closed","ping_status":"closed","template":"","meta":{"_kad_post_transparent":"","_kad_post_title":"","_kad_post_layout":"","_kad_post_sidebar_id":"","_kad_post_content_style":"","_kad_post_vertical_padding":"","_kad_post_feature":"","_kad_post_feature_position":"","_kad_post_header":false,"_kad_post_footer":false,"_kad_post_classname":"","footnotes":""},"class_list":["post-173","page","type-page","status-publish","hentry"],"featured_image_src":null,"builder_content":"","_links":{"self":[{"href":"https:\/\/sapinseudunpurjehtijat.fi\/index.php?rest_route=\/wp\/v2\/pages\/173","targetHints":{"allow":["GET"]}}],"collection":[{"href":"https:\/\/sapinseudunpurjehtijat.fi\/index.php?rest_route=\/wp\/v2\/pages"}],"about":[{"href":"https:\/\/sapinseudunpurjehtijat.fi\/index.php?rest_route=\/wp\/v2\/types\/page"}],"author":[{"embeddable":true,"href":"https:\/\/sapinseudunpurjehtijat.fi\/index.php?rest_route=\/wp\/v2\/users\/4"}],"replies":[{"embeddable":true,"href":"https:\/\/sapinseudunpurjehtijat.fi\/index.php?rest_route=%2Fwp%2Fv2%2Fcomments&post=173"}],"version-history":[{"count":0,"href":"https:\/\/sapinseudunpurjehtijat.fi\/index.php?rest_route=\/wp\/v2\/pages\/173\/revisions"}],"wp:attachment":[{"href":"https:\/\/sapinseudunpurjehtijat.fi\/index.php?rest_route=%2Fwp%2Fv2%2Fmedia&parent=173"}],"curies":[{"name":"wp","href":"https:\/\/api.w.org\/{rel}","templated":true}]}}