{"id":105,"date":"2020-04-16T07:53:18","date_gmt":"2020-04-16T07:53:18","guid":{"rendered":"https:\/\/demos.kadencewp.com\/food\/?page_id=105"},"modified":"2026-04-27T16:39:55","modified_gmt":"2026-04-27T16:39:55","slug":"home","status":"publish","type":"page","link":"https:\/\/sapinseudunpurjehtijat.fi\/","title":{"rendered":"S\u00e4pin Seudun Purjehtijat"},"content":{"rendered":"<!-- wp:themify-builder\/canvas \/-->","protected":false},"excerpt":{"rendered":"","protected":false},"author":1,"featured_media":4870,"parent":0,"menu_order":0,"comment_status":"closed","ping_status":"closed","template":"","meta":{"_kad_post_transparent":"default","_kad_post_title":"hide","_kad_post_layout":"default","_kad_post_sidebar_id":"","_kad_post_content_style":"default","_kad_post_vertical_padding":"show","_kad_post_feature":"","_kad_post_feature_position":"","_kad_post_header":false,"_kad_post_footer":false,"_kad_post_classname":"","footnotes":""},"class_list":["post-105","page","type-page","status-publish","has-post-thumbnail","hentry"],"featured_image_src":"https:\/\/sapinseudunpurjehtijat.fi\/wp-content\/uploads\/2021\/09\/6413bdb9-e2c0-4653-b766-b5be490fc6c5-1.jpg","builder_content":"<img src=\"https:\/\/sapinseudunpurjehtijat.fi\/wp-content\/uploads\/2026\/01\/IMG_0495-1024x576-1064x400.avif\" width=\"1064\" height=\"400\" title=\"IMG_0495\" alt=\"Vene saaren rannassa\">\n<h3>Leirille ilmoittautuminen on avattu<\/h3> \u00a0 <p style=\"text-align: left;\"><img src=\"https:\/\/sapinseudunpurjehtijat.fi\/wp-content\/uploads\/2023\/05\/Helminen-019-300x200.jpg\" alt=\"\" width=\"300\" height=\"200\"><br>SSP:n vuotuinen purjehdusleiri pidet\u00e4\u00e4n ma 29.6. - la 4.7.2026 Ry\u00f6v\u00e4skeriss\u00e4.<\/p> <p style=\"text-align: left;\">Leiri on 9-(n.)14-vuotiaille. Aiempaa purjehduskokemusta ei tarvita.<br>Avaamalla linkin <a href=\"https:\/\/docs.google.com\/forms\/d\/e\/1FAIpQLSdH-x9j3uxbWhSOSwcDXSXvc30Xg_UA3r9J9Zvb7ConBxLdhA\/viewform\">https:\/\/docs.google.com\/forms\/d\/e\/1FAIpQLSdH-x9j3uxbWhSOSwcDXSXvc30Xg_UA3r9J9Zvb7ConBxLdhA\/viewform<\/a> saat lis\u00e4tietoja ja p\u00e4\u00e4set ilmoittautumaan.<\/p>\n<h3>Purjehduskauden avaus<\/h3> <p><img src=\"https:\/\/sapinseudunpurjehtijat.fi\/wp-content\/uploads\/2021\/08\/Sappiy-300x266.jpg\" alt=\"\" width=\"300\" height=\"266\"><\/p>\n<p style=\"text-align: left;\">SSP:n purjehduskauden Laitakarissa la 9.5. klo 12. Laitakarissa ja Reposaaressa\u00a0<strong>katsastetaan<\/strong> my\u00f6s veneit\u00e4 ko. p\u00e4iv\u00e4n\u00e4.\u00a0<\/p> <p><em>Muista!\u00a0<\/em>Voit 100 \u20ac vuosimakulla saunoa, k\u00e4ytt\u00e4\u00e4 vett\u00e4 ja s\u00e4hk\u00f6\u00e4 kaikilla majoilla koko kauden. Maksaa voit tilille FI84 4108 0012 2844 05.<\/p>\n<h3>Vapaita venepaikkoja Laitakarissa<\/h3> <p><img src=\"https:\/\/sapinseudunpurjehtijat.fi\/wp-content\/uploads\/2025\/02\/image003a-kopio-300x149.avif\" alt=\"\" width=\"300\" height=\"149\"><\/p> <p style=\"text-align: left;\">Venepaikkojen leydet ovat 3,25 metrist\u00e4 4,50 metriin. Hinta alkaen 93 \u20ac\/m. Hintaan sis\u00e4ltyy vesi, s\u00e4hk\u00f6, kameravalvonta ja lukittu portti. Tiedustelut: Satamakapteeni puh. 0400 790 867<\/p>\n<h3>Uuden laiturin poijukettingit uusittiin<\/h3> <p><img src=\"https:\/\/sapinseudunpurjehtijat.fi\/wp-content\/uploads\/2026\/04\/Laitsupoiju-300x169.avif\" alt=\"\" width=\"300\" height=\"169\"><\/p> <p style=\"text-align: left;\">Laiturin merenpuolen poijut kunnostettiin.<\/p>\n<h3>Lue Pilivinnin n\u00e4k\u00f6isversiota<\/h3> <p><a href=\"https:\/\/sapinseudunpurjehtijat.fi\/?page_id=8143\"><img src=\"https:\/\/sapinseudunpurjehtijat.fi\/wp-content\/uploads\/2026\/03\/Nayttokuva-2026-03-09-kello-18.37.39-150x150.avif\" alt=\"Pilivinni\" width=\"150\" height=\"150\"><\/a><\/p> <p style=\"text-align: left;\">Voit lukea uusimman Pilivinnin n\u00e4k\u00f6isversiota my\u00f6s SSP:n sivujen kautta. Klikkaa kuvaa, niin lehti <a href=\"https:\/\/sapinseudunpurjehtijat.fi\/?page_id=8143\">avautuu<\/a>!<\/p>\n<h3>Flikkoje seilauskoulu<\/h3> <p><a href=\"https:\/\/sapinseudunpurjehtijat.fi\/?page_id=8143\"><img src=\"https:\/\/sapinseudunpurjehtijat.fi\/wp-content\/uploads\/2025\/05\/flikat-300x225.avif\" alt=\"\" width=\"300\" height=\"225\"><\/a><\/p> <p style=\"text-align: left;\">Perinteinen Flikkoje seilauskoulu j\u00e4rjestet\u00e4\u00e4n to 4.6., pe 5.6. ja la 6.6.2026.<\/p> <p>Lis\u00e4tietoa ja ilmoittautumien\u00a0<a href=\"https:\/\/forms.gle\/VFLNbbu9zgcGQ1rKA\">https:\/\/forms.gle\/VFLNbbu9zgcGQ1rKA<\/a><\/p>","_links":{"self":[{"href":"https:\/\/sapinseudunpurjehtijat.fi\/index.php?rest_route=\/wp\/v2\/pages\/105","targetHints":{"allow":["GET"]}}],"collection":[{"href":"https:\/\/sapinseudunpurjehtijat.fi\/index.php?rest_route=\/wp\/v2\/pages"}],"about":[{"href":"https:\/\/sapinseudunpurjehtijat.fi\/index.php?rest_route=\/wp\/v2\/types\/page"}],"author":[{"embeddable":true,"href":"https:\/\/sapinseudunpurjehtijat.fi\/index.php?rest_route=\/wp\/v2\/users\/1"}],"replies":[{"embeddable":true,"href":"https:\/\/sapinseudunpurjehtijat.fi\/index.php?rest_route=%2Fwp%2Fv2%2Fcomments&post=105"}],"version-history":[{"count":1443,"href":"https:\/\/sapinseudunpurjehtijat.fi\/index.php?rest_route=\/wp\/v2\/pages\/105\/revisions"}],"predecessor-version":[{"id":8214,"href":"https:\/\/sapinseudunpurjehtijat.fi\/index.php?rest_route=\/wp\/v2\/pages\/105\/revisions\/8214"}],"wp:featuredmedia":[{"embeddable":true,"href":"https:\/\/sapinseudunpurjehtijat.fi\/index.php?rest_route=\/wp\/v2\/media\/4870"}],"wp:attachment":[{"href":"https:\/\/sapinseudunpurjehtijat.fi\/index.php?rest_route=%2Fwp%2Fv2%2Fmedia&parent=105"}],"curies":[{"name":"wp","href":"https:\/\/api.w.org\/{rel}","templated":true}]}}